{"id":20336,"date":"2026-03-07T10:08:23","date_gmt":"2026-03-07T09:08:23","guid":{"rendered":"https:\/\/neutramotor.com\/tienda\/medidor-tension-cadena\/"},"modified":"2026-04-14T17:03:15","modified_gmt":"2026-04-14T15:03:15","slug":"medidor-tension-cadena","status":"publish","type":"product","link":"https:\/\/neutramotor.com\/en\/tienda\/medidor-tension-cadena\/","title":{"rendered":"HERRAMIENTA COMPROBADOR TENSI\u00d3N CADENA"},"content":{"rendered":"","protected":false},"excerpt":{"rendered":"<p>Mant\u00e9n la moto siempre a punto con este pr\u00e1ctico medidor. Permite revisar f\u00e1cilmente la tensi\u00f3n de la cadena, garantizando un pilotaje seguro y eficiente en todo momento.<\/p>\n","protected":false},"featured_media":19622,"template":"","meta":{"_joinchat":[]},"product_brand":[],"product_cat":[240],"product_tag":[],"class_list":{"0":"post-20336","1":"product","2":"type-product","3":"status-publish","4":"has-post-thumbnail","6":"product_cat-series-3-accessories","8":"first","9":"instock","10":"taxable","11":"shipping-taxable","12":"purchasable","13":"product-type-simple"},"_links":{"self":[{"href":"https:\/\/neutramotor.com\/en\/wp-json\/wp\/v2\/product\/20336","targetHints":{"allow":["GET"]}}],"collection":[{"href":"https:\/\/neutramotor.com\/en\/wp-json\/wp\/v2\/product"}],"about":[{"href":"https:\/\/neutramotor.com\/en\/wp-json\/wp\/v2\/types\/product"}],"version-history":[{"count":3,"href":"https:\/\/neutramotor.com\/en\/wp-json\/wp\/v2\/product\/20336\/revisions"}],"predecessor-version":[{"id":20424,"href":"https:\/\/neutramotor.com\/en\/wp-json\/wp\/v2\/product\/20336\/revisions\/20424"}],"wp:featuredmedia":[{"embeddable":true,"href":"https:\/\/neutramotor.com\/en\/wp-json\/wp\/v2\/media\/19622"}],"wp:attachment":[{"href":"https:\/\/neutramotor.com\/en\/wp-json\/wp\/v2\/media?parent=20336"}],"wp:term":[{"taxonomy":"product_brand","embeddable":true,"href":"https:\/\/neutramotor.com\/en\/wp-json\/wp\/v2\/product_brand?post=20336"},{"taxonomy":"product_cat","embeddable":true,"href":"https:\/\/neutramotor.com\/en\/wp-json\/wp\/v2\/product_cat?post=20336"},{"taxonomy":"product_tag","embeddable":true,"href":"https:\/\/neutramotor.com\/en\/wp-json\/wp\/v2\/product_tag?post=20336"}],"curies":[{"name":"wp","href":"https:\/\/api.w.org\/{rel}","templated":true}]}}